{"id":1478,"date":"2022-12-03T11:06:03","date_gmt":"2022-12-03T10:06:03","guid":{"rendered":"https:\/\/bitte.kaufen\/magazin\/?page_id=1478"},"modified":"2025-10-01T11:17:57","modified_gmt":"2025-10-01T09:17:57","slug":"kooperationen","status":"publish","type":"page","link":"https:\/\/bitte.kaufen\/magazin\/kooperationen\/","title":{"rendered":"Kooperationen &#038; Media Kit"},"content":{"rendered":"\n<p><strong>bitte.kaufen<\/strong> ist unsere <strong>Wunschzettel-App mit Magazin f\u00fcr Eltern<\/strong>. Im Magazin gibt es pers\u00f6nliche Einblicke und Erfahrungsberichte aus meiner Sicht als Dreifachmama. Das Magazin wurde um die Inhalte meines Mamablogs Mamaskind erweitert.<\/p>\n\n\n\n<p><strong>Mamaskind<\/strong> startete ich im September 2010&nbsp;als studierende Mama in Brandenburg. Inzwischen blogge ich hauptberuflich in Berlin als Mama von drei Kindern (2010, 2014 &amp; 2017) \u00fcber den Familienalltag, DIY-Projekte, Minimalismus und gro\u00dfartige Kinderprodukte. Mamaskind ging 2022 in das <a href=\"https:\/\/bitte.kaufen\/magazin\/\">bitte.kaufen Magazin<\/a> \u00fcber.\u2705<\/p>\n\n\n\n<h3 class=\"wp-block-heading\" id=\"h-themen-auf-mamaskind\">Themen im bitte.kaufen Magazin<\/h3>\n\n\n\n<p>Im Magazin schreibe ich, Sarah, \u00fcber Familienthemen, passende Produkte und sehr gerne auch Anleitungen mit Elternhacks.<\/p>\n\n\n\n<p>\u2705 Ich schreibe alle Blogposts selbst. <br>\u274c Ich akzeptiere keine Gastbeitr\u00e4ge von Firmen.<\/p><div id=\"mamas-31727424\" class=\"mamas-inhalt mamas-entity-placement\" style=\"margin-top: 60px;margin-right: 10px;margin-bottom: 60px;margin-left: 10px;\"><h3 class=\"p1\">Du m\u00f6chtest einfach W\u00fcnsche teilen?<\/h3>\n<p class=\"p1\">Dann hole dir unsere <a title=\"kostenlose Wunschzettel-App bitte.kaufen\" href=\"https:\/\/bitte.kaufen\/?utm_source=magazin&amp;utm_medium=banner&amp;utm_campaign=blog-advanced-ads-insert\" target=\"_blank\" rel=\"noopener\">gratis Wunschlisten-App bitte.kaufen<\/a> (\u2b05\ufe0f Wunschliste anlegen)<\/p>\n<p><a href=\"https:\/\/bitte.kaufen\/?utm_source=magazin&amp;utm_medium=banner&amp;utm_campaign=blog-advanced-ads-insert\" target=\"_blank\" rel=\"noopener\"><br \/>\n  <img decoding=\"async\" width=\"1227\" height=\"705\" \n    class=\"alignnone wp-image-30720 size-full\" \n    src=\"https:\/\/bitte.kaufen\/magazin\/wp-content\/uploads\/2025\/04\/bitte-kaufen-app-kostenlos.png\" \n    alt=\"bitte.kaufen - Wunschliste erstellen\"\n    style=\"width: 100%; height: auto; max-width: 100%;\" srcset=\"https:\/\/bitte.kaufen\/magazin\/wp-content\/uploads\/2025\/04\/bitte-kaufen-app-kostenlos.png 1227w, https:\/\/bitte.kaufen\/magazin\/wp-content\/uploads\/2025\/04\/bitte-kaufen-app-kostenlos-300x172.png 300w, https:\/\/bitte.kaufen\/magazin\/wp-content\/uploads\/2025\/04\/bitte-kaufen-app-kostenlos-1200x689.png 1200w\" sizes=\"(max-width: 1227px) 100vw, 1227px\" \/><br \/>\n<\/a><\/p>\n<\/div>\n\n\n\n<p>Wir sind ein Technik-Haushalt und alle leidenschaftliche Gamer!<\/p>\n\n\n\n<ul class=\"wp-block-list\">\n<li><a href=\"https:\/\/bitte.kaufen\/magazin\/ideen-deko-motto-kindergeburtstag\/\">Mottopartys f\u00fcr Kinder<\/a><\/li>\n\n\n\n<li><a href=\"https:\/\/bitte.kaufen\/magazin\/spiele-apps\/\">Digitale Medien &amp; Kinderspiele<\/a><\/li>\n\n\n\n<li><a href=\"https:\/\/bitte.kaufen\/magazin\/kinderbuecher\/\">Kinderb\u00fccher &amp; Ratgeber<\/a><\/li>\n\n\n\n<li><a href=\"https:\/\/bitte.kaufen\/magazin\/basteln-mit-kind\/\">Basteln mit Kindern<\/a><\/li>\n\n\n\n<li><a href=\"https:\/\/bitte.kaufen\/magazin\/haus\/\">DIY im Haus<\/a><\/li>\n\n\n\n<li>Kinderw\u00fcnsche &amp; <a href=\"https:\/\/bitte.kaufen\/magazin\/geschenkideen\/\">Geschenkideen f\u00fcr Kinder<\/a><\/li>\n\n\n\n<li><a href=\"https:\/\/bitte.kaufen\/magazin\/75-ideen-fuer-kinderbeschaeftigung\/\">Kinderbesch\u00e4ftigung<\/a><\/li>\n<\/ul>\n\n\n\n<ul class=\"wp-block-list\">\n<li>Hier gibt es <a href=\"https:\/\/bitte.kaufen\/magazin\/ueber-uns\/\">alle Infos \u00fcber mich<\/a><\/li>\n\n\n\n<li>Zur <a class=\"ek-link\" href=\"https:\/\/bitte.kaufen\/magazin\/presse\/\">Presse-Seite<\/a><\/li>\n<\/ul>\n\n\n\n<div class=\"wp-block-buttons is-horizontal is-content-justification-center is-layout-flex wp-container-core-buttons-is-layout-499968f5 wp-block-buttons-is-layout-flex\">\n<div class=\"wp-block-button\"><a class=\"wp-block-button__link has-text-color has-background wp-element-button\" href=\"https:\/\/bitte.kaufen\/magazin\/wp-content\/uploads\/2025\/10\/2025-2026-mediakit-bitte-kaufen.pdf\" style=\"color:#39445a;background-color:#c3d1a4\"><strong>Download Mediakit<\/strong><\/a><\/div>\n<\/div>\n\n\n\n<hr class=\"wp-block-separator has-css-opacity\"\/>\n\n\n\n<h2 class=\"wp-block-heading\" id=\"kooperationen\">Kooperationen<\/h2>\n\n\n\n<p>Ich gehe&nbsp;nur wenige, ausgew\u00e4hlte Kooperationen ein. Ich stecke viel Zeit und Liebe in die Pflege und Gestaltung und <strong>Suchmaschinenoptimierung<\/strong> meines Blogs und freue mich auf dein faires, <strong>bezahltes Angebot<\/strong>.<\/p>\n\n\n\n<p>Als <a href=\"https:\/\/sarah-depold.de\/blog\/seo-expertin\/\" target=\"_blank\" rel=\"noreferrer noopener\">SEO-Expertin<\/a> optimiere ich jeden Blogpost f\u00fcr Suchmaschinen. Suchmaschinenoptimierung mache ich seit 2008 beruflich und habe hier somit viel Erfahrung. \u00dcber einige Jahre bot ich Kurse zum Thema Bloggen und SEO f\u00fcr Selbstst\u00e4ndige an.<\/p><div id=\"mamas-1815853714\" class=\"mamas-nach-5-absatz-mottoparty mamas-entity-placement\"><h3> Mottoparty-Vorlagen downloaden (0 \u20ac)<\/h3>\r\n<p>\r\n\tDu m\u00f6chtest f\u00fcr den Kindergeburtstag Konfetti und Deko selbst machen? Trage dich hier ein und lass dir die Vorlagen per E-Mail zusenden. \r\n<\/p>\r\n<!-- Begin Brevo Form -->\r\n<!-- START - We recommend to place the below code in head tag of your website html  -->\r\n<style>\r\n  @font-face {\r\n    font-display: block;\r\n    font-family: Roboto;\r\n    src: url(https:\/\/assets.brevo.com\/font\/Roboto\/Latin\/normal\/normal\/7529907e9eaf8ebb5220c5f9850e3811.woff2) format(\"woff2\"), url(https:\/\/assets.brevo.com\/font\/Roboto\/Latin\/normal\/normal\/25c678feafdc175a70922a116c9be3e7.woff) format(\"woff\")\r\n  }\r\n\r\n  @font-face {\r\n    font-display: fallback;\r\n    font-family: Roboto;\r\n    font-weight: 600;\r\n    src: url(https:\/\/assets.brevo.com\/font\/Roboto\/Latin\/medium\/normal\/6e9caeeafb1f3491be3e32744bc30440.woff2) format(\"woff2\"), url(https:\/\/assets.brevo.com\/font\/Roboto\/Latin\/medium\/normal\/71501f0d8d5aa95960f6475d5487d4c2.woff) format(\"woff\")\r\n  }\r\n\r\n  @font-face {\r\n    font-display: fallback;\r\n    font-family: Roboto;\r\n    font-weight: 700;\r\n    src: url(https:\/\/assets.brevo.com\/font\/Roboto\/Latin\/bold\/normal\/3ef7cf158f310cf752d5ad08cd0e7e60.woff2) format(\"woff2\"), url(https:\/\/assets.brevo.com\/font\/Roboto\/Latin\/bold\/normal\/ece3a1d82f18b60bcce0211725c476aa.woff) format(\"woff\")\r\n  }\r\n\r\n  #sib-container input:-ms-input-placeholder {\r\n    text-align: left;\r\n    font-family: Helvetica, sans-serif;\r\n    color: #c0ccda;\r\n  }\r\n\r\n  #sib-container input::placeholder {\r\n    text-align: left;\r\n    font-family: Helvetica, sans-serif;\r\n    color: #c0ccda;\r\n  }\r\n\r\n  #sib-container textarea::placeholder {\r\n    text-align: left;\r\n    font-family: Helvetica, sans-serif;\r\n    color: #c0ccda;\r\n  }\r\n\r\n  #sib-container a {\r\n    text-decoration: underline;\r\n    color: #2BB2FC;\r\n  }\r\n<\/style>\r\n<link rel=\"stylesheet\" href=\"https:\/\/sibforms.com\/forms\/end-form\/build\/sib-styles.css\">\r\n<!--  END - We recommend to place the above code in head tag of your website html -->\r\n\r\n<!-- START - We recommend to place the below code where you want the form in your website html  -->\r\n<div class=\"sib-form\" style=\"text-align: center;\r\n         background-color: #ffffff;                                 \">\r\n  <div id=\"sib-form-container\" class=\"sib-form-container\">\r\n    <div id=\"error-message\" class=\"sib-form-message-panel\" style=\"font-size:16px; text-align:left; font-family:Helvetica, sans-serif; color:#661d1d; background-color:#ffeded; border-radius:3px; border-color:#ff4949;max-width:540px;\">\r\n      <div class=\"sib-form-message-panel__text sib-form-message-panel__text--center\">\r\n        <svg viewBox=\"0 0 512 512\" class=\"sib-icon sib-notification__icon\">\r\n          <path d=\"M256 40c118.621 0 216 96.075 216 216 0 119.291-96.61 216-216 216-119.244 0-216-96.562-216-216 0-119.203 96.602-216 216-216m0-32C119.043 8 8 119.083 8 256c0 136.997 111.043 248 248 248s248-111.003 248-248C504 119.083 392.957 8 256 8zm-11.49 120h22.979c6.823 0 12.274 5.682 11.99 12.5l-7 168c-.268 6.428-5.556 11.5-11.99 11.5h-8.979c-6.433 0-11.722-5.073-11.99-11.5l-7-168c-.283-6.818 5.167-12.5 11.99-12.5zM256 340c-15.464 0-28 12.536-28 28s12.536 28 28 28 28-12.536 28-28-12.536-28-28-28z\" \/>\r\n        <\/svg>\r\n        <span class=\"sib-form-message-panel__inner-text\">\r\n                          Deine Anmeldung konnte nicht gespeichert werden. Bitte versuche es erneut.\r\n                      <\/span>\r\n      <\/div>\r\n    <\/div>\r\n    <div><\/div>\r\n    <div id=\"success-message\" class=\"sib-form-message-panel\" style=\"font-size:16px; text-align:left; font-family:Helvetica, sans-serif; color:#085229; background-color:#e7faf0; border-radius:3px; border-color:#13ce66;max-width:540px;\">\r\n      <div class=\"sib-form-message-panel__text sib-form-message-panel__text--center\">\r\n        <svg viewBox=\"0 0 512 512\" class=\"sib-icon sib-notification__icon\">\r\n          <path d=\"M256 8C119.033 8 8 119.033 8 256s111.033 248 248 248 248-111.033 248-248S392.967 8 256 8zm0 464c-118.664 0-216-96.055-216-216 0-118.663 96.055-216 216-216 118.664 0 216 96.055 216 216 0 118.663-96.055 216-216 216zm141.63-274.961L217.15 376.071c-4.705 4.667-12.303 4.637-16.97-.068l-85.878-86.572c-4.667-4.705-4.637-12.303.068-16.97l8.52-8.451c4.705-4.667 12.303-4.637 16.97.068l68.976 69.533 163.441-162.13c4.705-4.667 12.303-4.637 16.97.068l8.451 8.52c4.668 4.705 4.637 12.303-.068 16.97z\" \/>\r\n        <\/svg>\r\n        <span class=\"sib-form-message-panel__inner-text\">\r\n                          Yay! \ud83c\udf89 Deine Anmeldung war erfolgreich!\r\n                      <\/span>\r\n      <\/div>\r\n    <\/div>\r\n    <div><\/div>\r\n    <div id=\"sib-container\" class=\"sib-container--large sib-container--vertical\" style=\"text-align:center; background-color:rgba(240,249,250,1); max-width:540px; border-radius:4px; border-width:1px; border-color:#94ced7; border-style:solid; direction:ltr\">\r\n      <form id=\"sib-form\" method=\"POST\" action=\"https:\/\/8f2a960f.sibforms.com\/serve\/MUIFAPREBWqRipwwz5WPtMpM7ytZcEygg5zD3HsegqW5SoIHFzlWMl2m3Tu3OiLhcVWIQARlsSHMLaNd1ycgW0cC3DBd_HMJues-ciS6o7zupWERKYdnCEjYOCoocmWMV2MnbG-7AsvYjZlTXhAjvVnqgRWhCqE2l_e8Vf3Z5bL6VA8jZ_0U7chdn53eS5V4bz9FS1VKQ1Salj6x\" data-type=\"subscription\">\r\n        <div style=\"padding: 8px 0;\">\r\n          <div class=\"sib-form-block sib-image-form-block\" style=\"text-align: center\">\r\n            <img src=\"https:\/\/img.mailinblue.com\/3457704\/images\/content_library\/original\/67a9d97298a7a4d30d1cfb14.jpeg\" style=\"width: 383px;height: 300px;\" alt=\"\" title=\"\" \/>\r\n          <\/div>\r\n        <\/div>\r\n        <div style=\"padding: 8px 0;\">\r\n          <div class=\"sib-form-block\" style=\"font-size:24px; text-align:left; font-weight:700; font-family:Helvetica, sans-serif; color:#3C4858; background-color:transparent; text-align:left\">\r\n            <p>Hole dir Vorlagen zum Ausdrucken<\/p>\r\n          <\/div>\r\n        <\/div>\r\n        <div style=\"padding: 8px 0;\">\r\n          <div class=\"sib-form-block\" style=\"font-size:16px; text-align:left; font-family:Helvetica, sans-serif; color:#3C4858; background-color:transparent; text-align:left\">\r\n            <div class=\"sib-text-form-block\">\r\n              <p>Du m\u00f6chtest die Mottoparty-Vorlagen zum Ausmalen oder f\u00fcr Muffin Picker ausdrucken? F\u00fclle das Formular aus. Danach erh\u00e4ltst du meinen bitte.kaufen-Letter \ud83d\udc8c.<\/p>\r\n            <\/div>\r\n          <\/div>\r\n        <\/div>\r\n        <div style=\"padding: 8px 0;\">\r\n          <div class=\"sib-input sib-form-block\">\r\n            <div class=\"form__entry entry_block\">\r\n              <div class=\"form__label-row \">\r\n                <label class=\"entry__label\" style=\"font-weight: 700; text-align:left; font-size:16px; text-align:left; font-weight:700; font-family:Helvetica, sans-serif; color:#3c4858;\" for=\"VORNAME\" data-required=\"*\">Gib deinen Vornamen ein<\/label>\r\n\r\n                <div class=\"entry__field\">\r\n                  <input class=\"input \" maxlength=\"200\" type=\"text\" id=\"VORNAME\" name=\"VORNAME\" autocomplete=\"off\" placeholder=\"Dein Vorname\" data-required=\"true\" required \/>\r\n                <\/div>\r\n              <\/div>\r\n\r\n              <label class=\"entry__error entry__error--primary\" style=\"font-size:16px; text-align:left; font-family:Helvetica, sans-serif; color:#661d1d; background-color:#ffeded; border-radius:3px; border-color:#ff4949;\">\r\n              <\/label>\r\n            <\/div>\r\n          <\/div>\r\n        <\/div>\r\n        <div style=\"padding: 8px 0;\">\r\n          <div class=\"sib-input sib-form-block\">\r\n            <div class=\"form__entry entry_block\">\r\n              <div class=\"form__label-row \">\r\n                <label class=\"entry__label\" style=\"font-weight: 700; text-align:left; font-size:16px; text-align:left; font-weight:700; font-family:Helvetica, sans-serif; color:#3c4858;\" for=\"EMAIL\" data-required=\"*\">Gib deine E-Mail-Adresse hier ein:<\/label>\r\n\r\n                <div class=\"entry__field\">\r\n                  <input class=\"input \" type=\"text\" id=\"EMAIL\" name=\"EMAIL\" autocomplete=\"off\" placeholder=\"Deine E-Mail-Adresse\" data-required=\"true\" required \/>\r\n                <\/div>\r\n              <\/div>\r\n\r\n              <label class=\"entry__error entry__error--primary\" style=\"font-size:16px; text-align:left; font-family:Helvetica, sans-serif; color:#661d1d; background-color:#ffeded; border-radius:3px; border-color:#ff4949;\">\r\n              <\/label>\r\n            <\/div>\r\n          <\/div>\r\n        <\/div>\r\n        <div style=\"padding: 8px 0;\">\r\n          <div class=\"sib-form-block\" style=\"text-align: left\">\r\n            <button class=\"sib-form-block__button sib-form-block__button-with-loader\" style=\"font-size:16px; text-align:left; font-weight:700; font-family:Helvetica, sans-serif; color:#FFFFFF; background-color:#2a718c; border-radius:3px; border-width:0px;\" form=\"sib-form\" type=\"submit\">\r\n              <svg class=\"icon clickable__icon progress-indicator__icon sib-hide-loader-icon\" viewBox=\"0 0 512 512\">\r\n                <path d=\"M460.116 373.846l-20.823-12.022c-5.541-3.199-7.54-10.159-4.663-15.874 30.137-59.886 28.343-131.652-5.386-189.946-33.641-58.394-94.896-95.833-161.827-99.676C261.028 55.961 256 50.751 256 44.352V20.309c0-6.904 5.808-12.337 12.703-11.982 83.556 4.306 160.163 50.864 202.11 123.677 42.063 72.696 44.079 162.316 6.031 236.832-3.14 6.148-10.75 8.461-16.728 5.01z\" \/>\r\n              <\/svg>\r\n              Ja, ich will die Vorlagen haben!\r\n            <\/button>\r\n          <\/div>\r\n        <\/div>\r\n        <div style=\"padding: 8px 0;\">\r\n          <div class=\"g-recaptcha\" data-sitekey=\"6Le6A9wqAAAAADpkEqn8jccTfO9RyDcWgWv5rfqy\" data-callback=\"invisibleCaptchaCallback\" data-size=\"invisible\" onclick=\"executeCaptcha\"><\/div>\r\n        <\/div>\r\n        <div style=\"padding: 8px 0;\">\r\n          <div class=\"sib-form-block sib-divider-form-block\">\r\n            <div style=\"border: 0; border-bottom: 1px solid #E5EDF6\"><\/div>\r\n          <\/div>\r\n        <\/div>\r\n\r\n        <input type=\"text\" name=\"email_address_check\" value=\"\" class=\"input--hidden\">\r\n        <input type=\"hidden\" name=\"locale\" value=\"de\">\r\n      <\/form>\r\n    <\/div>\r\n  <\/div>\r\n<\/div>\r\n<!-- END - We recommend to place the above code where you want the form in your website html  -->\r\n\r\n<!-- START - We recommend to place the below code in footer or bottom of your website html  -->\r\n<script>\r\n  window.REQUIRED_CODE_ERROR_MESSAGE = 'W\u00e4hle bitte einen L\u00e4ndervorwahl aus.';\r\n  window.LOCALE = 'de';\r\n  window.EMAIL_INVALID_MESSAGE = window.SMS_INVALID_MESSAGE = \"Die eingegebenen Informationen sind nicht g\u00fcltig. Bitte \u00fcberpr\u00fcfe die Felder und versuche es erneut.\";\r\n\r\n  window.REQUIRED_ERROR_MESSAGE = \"Dieses Feld darf nicht leer sein. \";\r\n\r\n  window.GENERIC_INVALID_MESSAGE = \"Die eingegebenen Informationen sind nicht g\u00fcltig. Bitte \u00fcberpr\u00fcfe die Felder und versuche es erneut.\";\r\n\r\n\r\n\r\n\r\n  window.translation = {\r\n    common: {\r\n      selectedList: '{quantity} Liste ausgew\u00e4hlt',\r\n      selectedLists: '{quantity} Listen ausgew\u00e4hlt',\r\n      selectedOption: '{quantity} ausgew\u00e4hlt',\r\n      selectedOptions: '{quantity} ausgew\u00e4hlt',\r\n    }\r\n  };\r\n\r\n  var AUTOHIDE = Boolean(0);\r\n<\/script>\r\n\r\n<script defer src=\"https:\/\/sibforms.com\/forms\/end-form\/build\/main.js\"><\/script>\r\n\r\n<script src=\"https:\/\/www.google.com\/recaptcha\/api.js?hl=de\"><\/script>\r\n\r\n<!-- END - We recommend to place the above code in footer or bottom of your website html  -->\r\n<!-- End Brevo Form --><\/div>\n\n\n\n<p><strong>Komm gerne per E-Mail auf mich zu, wenn du eine bezahlte Kooperation mit meinem Elternblog suchst! <\/strong><\/p>\n\n\n\n<ul class=\"wp-block-list\">\n<li><a href=\"mailto:sarah@depold.com\">Schreibe mir eine E-Mail<\/a><\/li>\n<\/ul>\n\n\n\n<h2 class=\"wp-block-heading\" id=\"h-meine-konditionen\"><strong>Preise f\u00fcr die Ver\u00f6ffentlichung<\/strong><\/h2>\n\n\n\n<ul class=\"wp-block-list\">\n<li><strong>\u2705 Blogpost ab 650\u00a0\u20ac<\/strong> <strong>netto<\/strong> (je nach Anforderungen)<\/li>\n\n\n\n<li><strong>\u2705 <\/strong>Markiert als Werbung &amp; sponsored-Verlinkung<\/li>\n\n\n\n<li>\u274c keine Gastbeitr\u00e4ge, kein Pharma, Linktausch (...) <\/li>\n\n\n\n<li>\u274c Kein Dofollow-Link - E-Mail mit dieser Anfrage werden nicht beantwortet<\/li>\n<\/ul>\n\n\n\n<h2 class=\"wp-block-heading\" id=\"media-kit\">Media Kit<\/h2>\n\n\n\n<figure class=\"wp-block-image size-full\"><img decoding=\"async\" width=\"716\" height=\"418\" src=\"https:\/\/bitte.kaufen\/magazin\/wp-content\/uploads\/2023\/02\/2023-02-seitenzugriffe-bitte-kaufen-2.png\" alt=\"\" class=\"wp-image-26630\" srcset=\"https:\/\/bitte.kaufen\/magazin\/wp-content\/uploads\/2023\/02\/2023-02-seitenzugriffe-bitte-kaufen-2.png 716w, https:\/\/bitte.kaufen\/magazin\/wp-content\/uploads\/2023\/02\/2023-02-seitenzugriffe-bitte-kaufen-2-300x175.png 300w\" sizes=\"(max-width: 716px) 100vw, 716px\" \/><figcaption class=\"wp-element-caption\">Seitenaufrufe bitte.kaufen 04\/2022 - 2\/2023<\/figcaption><\/figure>\n\n\n\n<figure class=\"wp-block-table\"><table><tbody><tr><td><strong>Monat September 2025<\/strong><\/td><td><strong>Demografische Merkmale<\/strong><\/td><\/tr><tr><td>Seitenaufrufe Web: 30000 <br>App-Nutzer 110.000 Aufrufe \/ Monat<\/td><td>Frauen: 86 %&nbsp;<br>Alter: 25 - 44 Jahre: 80 %<\/td><\/tr><tr><td><strong>Networks &amp; bitte.kaufen-App<\/strong><br><strong>bitte.kaufen-App<\/strong>: 40000 Nutzer<br><a href=\"https:\/\/www.threads.com\/@bitte.kaufen\">Threads<\/a>: 250 Abonnenten<br><a href=\"https:\/\/www.facebook.com\/bitte.kaufen\" target=\"_blank\" rel=\"noreferrer noopener\">Facebook<\/a>: 2300 Abonnenten<br><a href=\"https:\/\/www.instagram.com\/bitte.kaufen\/\" target=\"_blank\" rel=\"noreferrer noopener\">Instagram<\/a>: 1300 Fans<br><a href=\"https:\/\/www.pinterest.de\/bittekaufen\" target=\"_blank\" rel=\"noreferrer noopener\">Pinterest<\/a>: 11000 Follower<br>Newsletter: 140 Abonnenten<\/td><td><strong>Besuche laut Analytics<\/strong> <br>Wiederkehrend: 10 % <br>Besuche von Google: 77 % <br>Besuche von Social Networks 11 %&nbsp;<br>Direkt: 10 %<\/td><\/tr><\/tbody><\/table><\/figure>\n\n\n\n<div class=\"wp-block-buttons is-horizontal is-content-justification-center is-layout-flex wp-container-core-buttons-is-layout-499968f5 wp-block-buttons-is-layout-flex\">\n<div class=\"wp-block-button\"><a class=\"wp-block-button__link has-text-color has-background wp-element-button\" href=\"https:\/\/bitte.kaufen\/magazin\/wp-content\/uploads\/2025\/10\/2025-2026-mediakit-bitte-kaufen.pdf\" style=\"color:#39445a;background-color:#c3d1a4\"><strong>Download Mediakit<\/strong><\/a><\/div>\n<\/div>\n\n\n\n<hr class=\"wp-block-separator has-css-opacity\"\/>\n\n\n\n<h2 class=\"wp-block-heading\" id=\"media-kit\">Auswahl an bisherigen&nbsp;Kooperationen<\/h2>\n\n\n\n<figure class=\"wp-block-table\"><table><tbody><tr><td><strong>Auswahl an Kooperationen:<\/strong> \u00a0<br><a href=\"https:\/\/bitte.kaufen\/magazin\/grusskarten-verschicken-send-a-smile\/\">Send a Smile<\/a> | <a href=\"https:\/\/bitte.kaufen\/magazin\/ebay-punkte-private-verkaeufer\/\">eBay<\/a> | <a href=\"https:\/\/bitte.kaufen\/magazin\/carrera-hot-wheels\/\" data-type=\"post\" data-id=\"26449\">Carrera<\/a> | <a href=\"https:\/\/bitte.kaufen\/magazin\/guenstige-buecher-cheaboo\/\" data-type=\"post\" data-id=\"23823\">cheaboo<\/a> | <a href=\"https:\/\/bitte.kaufen\/magazin\/edurino-test\/\" data-type=\"post\" data-id=\"26327\">Edurino<\/a> | <a href=\"https:\/\/bitte.kaufen\/magazin\/nintendo-switch-konsole-familien\/\">Nintendo<\/a> | <a href=\"https:\/\/bitte.kaufen\/magazin\/die-fuchsbande-hoerspiel-tonie-spotify\/\">Fuchsbande<\/a> | <a href=\"https:\/\/bitte.kaufen\/magazin\/haus-wasser-sicherheit-grohe-sense-guard\/\">GROHE<\/a> |\u00a0<a href=\"https:\/\/bitte.kaufen\/magazin\/kindergartenrucksack-test-affenzahn\/\">Affenzahn<\/a>\u00a0|\u00a0<a href=\"https:\/\/bitte.kaufen\/magazin\/gutmarkiert-namensaufkleber\/\">gutmarkiert<\/a>\u00a0|\u00a0<a href=\"https:\/\/bitte.kaufen\/magazin\/schulranzen-ergobag-test\/\">ergobag<\/a>\u00a0| <a href=\"https:\/\/bitte.kaufen\/magazin\/schlafmuetze-nici-kuscheltier-schlafbegleiter\/\">NICI<\/a>\u00a0| <a href=\"https:\/\/bitte.kaufen\/magazin\/dash-roboter-wonder-workshop-test\/\">Wonder Workshop<\/a> | <a href=\"https:\/\/bitte.kaufen\/magazin\/sofatutor-test-grundschueler\/\">sofatutor<\/a><\/td><\/tr><\/tbody><\/table><\/figure>\n\n\n\n<div class=\"wp-block-buttons is-horizontal is-content-justification-center is-layout-flex wp-container-core-buttons-is-layout-499968f5 wp-block-buttons-is-layout-flex\">\n<div class=\"wp-block-button has-custom-width wp-block-button__width-50 is-style-fill\"><a class=\"wp-block-button__link has-black-color has-text-color has-background wp-element-button\" href=\"mailto:sarah@bitte.kaufen\" style=\"background-color:#94ced7\" target=\"_blank\" rel=\"noreferrer noopener\"><strong>Kontakt mit Sarah aufnehmen<\/strong><\/a><\/div>\n<\/div>\n\n\n\n<h2 class=\"wp-block-heading\" id=\"media-kit\">Kooperationsm\u00f6glichkeiten<\/h2>\n\n\n\n<p>Du hast die Wahl zwischen verschiedenen M\u00f6glichkeiten. Es gelten jeweils die Vereinbarungen unseres Schriftverkehrs.<\/p>\n\n\n\n<ul class=\"wp-block-list\">\n<li>Listung im <strong>Geschenkefinder in der bitte.kaufen-App<\/strong><\/li>\n\n\n\n<li>Produkt- &amp; Shopvorstellungen (nur selbst getestete Produkte!)<\/li>\n\n\n\n<li>langfristige Blog-Serien<\/li>\n\n\n\n<li>Gewinnspiele<\/li>\n\n\n\n<li>Vorstellung auf Social Networks<\/li>\n\n\n\n<li>Pinterest: Pins und Video-Pins m\u00f6glich<\/li>\n<\/ul>\n<div id=\"mamas-3531859786\" class=\"mamas-nach-dem-inhalt mamas-entity-placement\" style=\"margin-top: 10px;margin-right: 10px;margin-bottom: 10px;margin-left: 10px;\"><a data-no-instant=\"1\" href=\"https:\/\/bitte.kaufen\/magazin\/wunschzettel-app-ios-android\/?utm_source=blog&#038;utm_medium=banner&#038;utm_campaign=app&#038;utm_content=wz-app-bilder\" rel=\"noopener\" class=\"a2t-link\" target=\"_blank\" aria-label=\"Kostenlos &amp; ohne Werbebanner: Wunschzettel-App bitte.kaufen\"><img src=\"https:\/\/bitte.kaufen\/magazin\/wp-content\/uploads\/2022\/10\/wunschzettel-app-download.jpg\" alt=\"Kostenlos &amp; ohne Werbebanner: Wunschzettel-App bitte.kaufen\"  srcset=\"https:\/\/bitte.kaufen\/magazin\/wp-content\/uploads\/2022\/10\/wunschzettel-app-download.jpg 1200w, https:\/\/bitte.kaufen\/magazin\/wp-content\/uploads\/2022\/10\/wunschzettel-app-download-300x100.jpg 300w\" sizes=\"(max-width: 1200px) 100vw, 1200px\" width=\"750\"   \/><\/a><\/div>","protected":false},"excerpt":{"rendered":"<p>bitte.kaufen ist unsere Wunschzettel-App mit Magazin f\u00fcr Eltern. Im Magazin gibt es pers\u00f6nliche Einblicke und Erfahrungsberichte aus meiner Sicht als Dreifachmama. Das Magazin wurde um die Inhalte meines Mamablogs Mamaskind erweitert. Mamaskind startete ich im September 2010&nbsp;als studierende Mama in Brandenburg. Inzwischen blogge ich hauptberuflich in Berlin als Mama von drei Kindern (2010, 2014 &amp; [&hellip;]<\/p>\n","protected":false},"author":1,"featured_media":21524,"parent":0,"menu_order":0,"comment_status":"closed","ping_status":"closed","template":"","meta":{"wprm-recipe-roundup-name":"","wprm-recipe-roundup-description":"","footnotes":""},"class_list":["post-1478","page","type-page","status-publish","has-post-thumbnail","hentry"],"_links":{"self":[{"href":"https:\/\/bitte.kaufen\/magazin\/wp-json\/wp\/v2\/pages\/1478","targetHints":{"allow":["GET"]}}],"collection":[{"href":"https:\/\/bitte.kaufen\/magazin\/wp-json\/wp\/v2\/pages"}],"about":[{"href":"https:\/\/bitte.kaufen\/magazin\/wp-json\/wp\/v2\/types\/page"}],"author":[{"embeddable":true,"href":"https:\/\/bitte.kaufen\/magazin\/wp-json\/wp\/v2\/users\/1"}],"replies":[{"embeddable":true,"href":"https:\/\/bitte.kaufen\/magazin\/wp-json\/wp\/v2\/comments?post=1478"}],"version-history":[{"count":14,"href":"https:\/\/bitte.kaufen\/magazin\/wp-json\/wp\/v2\/pages\/1478\/revisions"}],"predecessor-version":[{"id":31165,"href":"https:\/\/bitte.kaufen\/magazin\/wp-json\/wp\/v2\/pages\/1478\/revisions\/31165"}],"wp:featuredmedia":[{"embeddable":true,"href":"https:\/\/bitte.kaufen\/magazin\/wp-json\/wp\/v2\/media\/21524"}],"wp:attachment":[{"href":"https:\/\/bitte.kaufen\/magazin\/wp-json\/wp\/v2\/media?parent=1478"}],"curies":[{"name":"wp","href":"https:\/\/api.w.org\/{rel}","templated":true}]}}