{"id":21541,"date":"2021-01-28T14:47:57","date_gmt":"2021-01-28T13:47:57","guid":{"rendered":"https:\/\/bitte.kaufen\/magazin\/?page_id=21541"},"modified":"2025-10-01T11:20:07","modified_gmt":"2025-10-01T09:20:07","slug":"presse","status":"publish","type":"page","link":"https:\/\/bitte.kaufen\/magazin\/presse\/","title":{"rendered":"Presse"},"content":{"rendered":"\n<p id=\"block-640c96fe-af4e-437f-895e-a09dc60fc3bc\">Auf folgenden Seiten ver\u00f6ffentlichte ich bereits Texte und Interviews. Zudem wurde ich in einem Podcast interviewt und in Elternratgebern erw\u00e4hnt. Auch unsere <a href=\"https:\/\/bitte.kaufen\/magazin\/wunschzettel-app-ios-android\/\" data-type=\"page\" data-id=\"24213\">Wunschzettel-App bitte.kaufen<\/a> wird auf Websites erw\u00e4hnt.<\/p>\n\n\n\n<figure class=\"wp-block-image\" id=\"block-86be3490-9733-4151-86c0-870d01838081\"><img decoding=\"async\" src=\"https:\/\/bitte.kaufen\/magazin\/wp-content\/uploads\/2015\/12\/tagesspiegel-sarah-depold-interview-800x537.png\" alt=\"tagesspiegel-sarah-depold-interview\"\/><figcaption class=\"wp-element-caption\">Screenshot vom Tagesspiegel vom 19.11.2016 - Quelle: Tagesspiegel<\/figcaption><\/figure>\n\n\n\n<h2 class=\"wp-block-heading\" id=\"block-7c495029-e049-4377-8433-a4a465d2f668\">Erw\u00e4hnung in B\u00fcchern<\/h2>\n\n\n\n<ul class=\"wp-block-list\">\n<li><a rel=\"noreferrer noopener\" href=\"https:\/\/books.google.de\/books?id=sCRpDwAAQBAJ&amp;pg=PA207&amp;dq=%22mamaskind%22&amp;hl=de&amp;sa=X&amp;ved=0ahUKEwj7wJeF94jfAhWGYVAKHWWjAOkQ6AEINjAC#v=onepage&amp;q=%22mamaskind%22&amp;f=false\" target=\"_blank\" class=\"ek-link\">Mutterschaften sichtbar machen<\/a> - mit Geburtsbericht eines Vaters<\/li>\n\n\n\n<li><a class=\"ek-link\" href=\"https:\/\/books.google.de\/books?id=d08nDwAAQBAJ&amp;pg=PA142&amp;dq=%22mamaskind%22&amp;hl=de&amp;sa=X&amp;ved=0ahUKEwj7wJeF94jfAhWGYVAKHWWjAOkQ6AEIOzAD#v=onepage&amp;q=%22mamaskind%22&amp;f=false\" target=\"_blank\" rel=\"noreferrer noopener\">Ich! Will! Aber! Nicht!<\/a> - Blog &amp; Netzempfehlung<\/li>\n<\/ul>\n\n\n\n<figure class=\"wp-block-image size-full\"><img decoding=\"async\" width=\"1200\" height=\"639\" src=\"https:\/\/bitte.kaufen\/magazin\/wp-content\/uploads\/2022\/11\/app-tipp-bitte-kaufen.jpeg\" alt=\"App-Tipp: bitte.kaufen\" class=\"wp-image-26493\" srcset=\"https:\/\/bitte.kaufen\/magazin\/wp-content\/uploads\/2022\/11\/app-tipp-bitte-kaufen.jpeg 1200w, https:\/\/bitte.kaufen\/magazin\/wp-content\/uploads\/2022\/11\/app-tipp-bitte-kaufen-300x160.jpeg 300w\" sizes=\"(max-width: 1200px) 100vw, 1200px\" \/><figcaption class=\"wp-element-caption\">App-Tipp: bitte.kaufen - Screenshot meinbezirk.at am 28.11.2022<\/figcaption><\/figure>\n\n\n\n<h3 class=\"wp-block-heading\" id=\"block-e869ed29-5494-4bce-8d50-b8b85f152d15\">Zeitungen \/ Radio<\/h3>\n\n\n\n<ul class=\"wp-block-list\">\n<li>09\/2025 ARD-Interview: Geschenke im September kaufen?<\/li>\n\n\n\n<li>11\/2022 <a href=\"https:\/\/www.meinbezirk.at\/innsbruck\/c-lokales\/bitte-kaufen-die-wunschlisten-app_a5729473\" target=\"_blank\" rel=\"noreferrer noopener\">Mein Bezirk.at App-Tipp<\/a><\/li>\n\n\n\n<li>11\/2022 <a href=\"https:\/\/www.familie.de\/testberichte\/wunschzettel-apps-im-test\/\" target=\"_blank\" rel=\"noreferrer noopener\">Familie.de - Apps im Test<\/a><\/li>\n\n\n\n<li>04\/2019 <a href=\"https:\/\/www.welt.de\/vermischtes\/plus192389479\/Schulstress-bei-Kindern-Warum-Eltern-ein-Teil-des-Problems-sind.html\" target=\"_blank\" rel=\"noreferrer noopener\">Die Welt - Schulstress bei Kindern<\/a><\/li>\n\n\n\n<li>10\/2018 <a rel=\"noreferrer noopener\" href=\"https:\/\/www.welt.de\/print\/welt_kompakt\/vermischtes\/article182739824\/Es-geht-um-Liebe-um-Zeit-Macht-und-Geld.html\" target=\"_blank\">Die Welt - Interview:&nbsp;Es gibt auch Alternativen zum klassischen Zuverdienermodell<\/a><\/li>\n\n\n\n<li>01\/2017 <a rel=\"noreferrer noopener\" href=\"http:\/\/www.morgenpost.de\/schueler\/leben\/article209196123\/Die-Mutterschaft-bewusst-geniessen.html\" target=\"_blank\">Berliner Morgenpost - Interview: Mutterschaft bewusst genie\u00dfen<\/a><\/li>\n\n\n\n<li>09\/2016 <a rel=\"noreferrer noopener\" href=\"http:\/\/www.sueddeutsche.de\/bildung\/grundschule-kommt-alles-in-die-tuete-1.3142957-2\" target=\"_blank\">S\u00fcddeutsche - Interview: Einschulung in Berlin<\/a><\/li>\n\n\n\n<li>03\/2016 Interview \u00fcber Minimalismus im Kinderzimmer Gewobag - Ausgabe 3\/2016<\/li>\n\n\n\n<li>02\/2016&nbsp;<a rel=\"noreferrer noopener\" href=\"http:\/\/www.tagesspiegel.de\/politik\/digitales-leben-unser-taeglich-netz\/12992534.html\" target=\"_blank\">Tagesspiegel - Interview: Digitaler Alltag<\/a><\/li>\n<\/ul>\n\n\n\n<h3 class=\"wp-block-heading\" id=\"block-44ca9d54-e98d-407e-85e5-527d1c2a68a0\">Tagesspiegel - Titelseite<\/h3>\n\n\n\n<p id=\"block-869c558e-008e-40bf-8e73-b15105f7d42e\">Ich war sogar auf der <strong>Titelseite des Tagesspiegels<\/strong> (2\/2016) zu sehen! Weiter innen gibt es das Interview zum&nbsp;<a href=\"http:\/\/www.tagesspiegel.de\/politik\/digitales-leben-unser-taeglich-netz\/12992534.html\" target=\"_blank\" rel=\"noreferrer noopener\">digitalen Alltag (Link zum Tagesspiegel-Teaser)<\/a>&nbsp;und anderen interessanten Leuten.<\/p>\n\n\n\n<figure class=\"wp-block-image\"><img decoding=\"async\" src=\"https:\/\/bitte.kaufen\/magazin\/wp-content\/uploads\/2016\/02\/tagesspiegel-interview-mamaskind-700x525.jpg\" alt=\"tagesspiegel-interview-mamaskind\"\/><\/figure>\n\n\n\n<h3 class=\"wp-block-heading\" id=\"block-39f095f6-b3f2-45ac-af06-b63eeff100eb\">Blogs &amp; Websites<\/h3>\n\n\n\n<ul class=\"wp-block-list\">\n<li>09\/2025 Mama im Spagat: <a href=\"https:\/\/mamaimspagat.de\/geschenke-fuer-kinder-organisieren\/\" target=\"_blank\" rel=\"noopener\">Geschenke f\u00fcr Kinder einfach organisieren<\/a><\/li>\n\n\n\n<li>03\/2025 Milch &amp; mehr: <a href=\"https:\/\/www.milchundmehr.de\/lifestyle\/bitte-kaufen-app-online-wunschzettel-18153.html\" target=\"_blank\" rel=\"noreferrer noopener\">bitte.kaufen App: online Wunschzettel statt Mental Load<\/a><\/li>\n\n\n\n<li>03\/2025 Es sind zwei! <a href=\"https:\/\/www.es-sind-zwei.de\/geschenke-fuer-zwillinge-schnell-und-einfach-koordinieren-anzeige\/\" target=\"_blank\" rel=\"noreferrer noopener\">Geschenke f\u00fcr Zwillinge schnell und einfach koordinieren<\/a><\/li>\n\n\n\n<li>03\/2025 Puddingklecks: <a href=\"https:\/\/www.puddingklecks.de\/bitte-kaufen-wunschzettel-app\/\" target=\"_blank\" rel=\"noreferrer noopener\">Erfahrungsbericht bitte.kaufen<\/a><\/li>\n\n\n\n<li>03\/2025 ohmylife: <a href=\"https:\/\/ohmylife.de\/bitte-kaufen-kostenlose-wunschzettel-app\/\" target=\"_blank\" rel=\"noreferrer noopener\">Erfahrung zu bitte.kaufen<\/a><\/li>\n\n\n\n<li>02\/2021 <a aria-label=\"Interview: Homeschooling im Stern (opens in a new tab)\" class=\"ek-link\" href=\"https:\/\/www.stern.de\/panorama\/homeschooling--mit-diesen-strategien-hilft-sich-diese-dreifach-mama--30355718.html\" target=\"_blank\" rel=\"noreferrer noopener\">Interview: Homeschooling im Stern<\/a><\/li>\n\n\n\n<li>06\/2020 <a aria-label=\"Tipps zu digitalen Helfern auf Scoyo (opens in a new tab)\" class=\"ek-link\" href=\"https:\/\/www-de.scoyo.com\/eltern\/familie\/familie-beruf\/familienmanagement-meine-5-digitalen-helfer-sarah-depold\" target=\"_blank\" rel=\"noreferrer noopener\">Tipps zu digitalen Helfern auf Scoyo<\/a><\/li>\n\n\n\n<li>05\/2019 <a aria-label=\"Podcast-Interview bei Deutschlandfunk Nova (opens in a new tab)\" class=\"ek-link\" href=\"https:\/\/www.deutschlandfunknova.de\/beitrag\/leben-am-stadtrand\" target=\"_blank\" rel=\"noreferrer noopener\">Podcast-Interview bei Deutschlandfunk Nova<\/a><\/li>\n\n\n\n<li>02\/2018 <a href=\"https:\/\/familieordentlich.de\/sarah-depold-von-mamas-kind\" target=\"_blank\" rel=\"noreferrer noopener\">Interview auf Familie Ordentlich<\/a><\/li>\n\n\n\n<li>03\/2016 Interview \u00fcber das Bloggen - Mashup Communications<\/li>\n\n\n\n<li>06\/2015 <a href=\"https:\/\/fruehesvogerl.de\/2015\/06\/ich-mag-die-frontbeschallung-fuer-meine-kinder-nicht-sarah-von-mamaskind-ueber-das-zocken.html\" target=\"_blank\" rel=\"noreferrer noopener\">Interview \u00fcber Computerspiele - Fr\u00fches Vogerl<\/a><\/li>\n\n\n\n<li>05\/2015&nbsp;Mama Notes - DDR-R\u00fcckblick<\/li>\n\n\n\n<li>08\/2014&nbsp;<a href=\"https:\/\/www.everywhereigo.de\/mama-must-haves-1.html\" target=\"_blank\" rel=\"noreferrer noopener\">Everywhere I go&nbsp;- Mama Must Haves<\/a><\/li>\n<\/ul>\n\n\n\n<h2 class=\"wp-block-heading\" id=\"h-komm-auf-mich-zu\">Komm auf mich zu!<\/h2>\n\n\n\n<p>Gerne schreibe ich auch auf anderen Websites recherchierte Texte mit SEO-Schliff oder Beitr\u00e4ge, die von Herzen kommen.<\/p>\n\n\n\n<ul class=\"wp-block-list\">\n<li><a href=\"https:\/\/bitte.kaufen\/magazin\/kontakt\/\" data-type=\"page\" data-id=\"113\">Kontaktseite<\/a><\/li>\n<\/ul>\n\n\n\n<div class=\"wp-block-buttons is-horizontal is-content-justification-center is-layout-flex wp-container-core-buttons-is-layout-499968f5 wp-block-buttons-is-layout-flex\">\n<div class=\"wp-block-button\"><a class=\"wp-block-button__link has-text-color has-background wp-element-button\" href=\"https:\/\/bitte.kaufen\/magazin\/wp-content\/uploads\/2025\/10\/2025-2026-mediakit-bitte-kaufen.pdf\" style=\"color:#39445a;background-color:#c3d1a4\"><strong>Download Mediakit<\/strong><\/a><\/div>\n<\/div>\n","protected":false},"excerpt":{"rendered":"<p>Auf folgenden Seiten ver\u00f6ffentlichte ich bereits Texte und Interviews. Zudem wurde ich in einem Podcast interviewt und in Elternratgebern erw\u00e4hnt. Auch unsere Wunschzettel-App bitte.kaufen wird auf Websites erw\u00e4hnt. Erw\u00e4hnung in B\u00fcchern Zeitungen \/ Radio Tagesspiegel - Titelseite Ich war sogar auf der Titelseite des Tagesspiegels (2\/2016) zu sehen! Weiter innen gibt es das Interview zum&nbsp;digitalen [&hellip;]<\/p>\n","protected":false},"author":1,"featured_media":0,"parent":0,"menu_order":0,"comment_status":"closed","ping_status":"closed","template":"","meta":{"wprm-recipe-roundup-name":"","wprm-recipe-roundup-description":"","footnotes":""},"class_list":["post-21541","page","type-page","status-publish","hentry"],"_links":{"self":[{"href":"https:\/\/bitte.kaufen\/magazin\/wp-json\/wp\/v2\/pages\/21541","targetHints":{"allow":["GET"]}}],"collection":[{"href":"https:\/\/bitte.kaufen\/magazin\/wp-json\/wp\/v2\/pages"}],"about":[{"href":"https:\/\/bitte.kaufen\/magazin\/wp-json\/wp\/v2\/types\/page"}],"author":[{"embeddable":true,"href":"https:\/\/bitte.kaufen\/magazin\/wp-json\/wp\/v2\/users\/1"}],"replies":[{"embeddable":true,"href":"https:\/\/bitte.kaufen\/magazin\/wp-json\/wp\/v2\/comments?post=21541"}],"version-history":[{"count":3,"href":"https:\/\/bitte.kaufen\/magazin\/wp-json\/wp\/v2\/pages\/21541\/revisions"}],"predecessor-version":[{"id":31167,"href":"https:\/\/bitte.kaufen\/magazin\/wp-json\/wp\/v2\/pages\/21541\/revisions\/31167"}],"wp:attachment":[{"href":"https:\/\/bitte.kaufen\/magazin\/wp-json\/wp\/v2\/media?parent=21541"}],"curies":[{"name":"wp","href":"https:\/\/api.w.org\/{rel}","templated":true}]}}